{"id":845,"date":"2023-03-03T08:35:56","date_gmt":"2023-03-03T11:35:56","guid":{"rendered":"https:\/\/hvp.ufpr.br\/?page_id=845"},"modified":"2026-02-24T08:46:23","modified_gmt":"2026-02-24T11:46:23","slug":"editais-de-selecao","status":"publish","type":"page","link":"https:\/\/hvp.ufpr.br\/?page_id=845","title":{"rendered":"Editais de Sele\u00e7\u00e3o do Programa Institucional de Monitoria"},"content":{"rendered":"<p style=\"text-align: center;\"><strong>Sele\u00e7\u00e3o para 2026\/01<\/strong><\/p>\n<p>&nbsp;<\/p>\n<ul>\n<li style=\"list-style-type: none;\">\n<ul>\n<li><a href=\"https:\/\/hvp.ufpr.br\/wp-content\/uploads\/2026\/02\/Edital-de-divulgacao-DCV023-01.26.pdf\">Edital de Sele\u00e7\u00e3o de monitores &#8211; Disciplina de Cl\u00ednica Cir\u00fargica de Pequenos Animais<\/a><\/li>\n<li><a href=\"https:\/\/hvp.ufpr.br\/wp-content\/uploads\/2026\/02\/Edital-de-divulgacao-Monitoria-DCV009-e-013-2026.1.pdf\">Edital de Sele\u00e7\u00e3o de monitores &#8211; Disciplina de Farmacologia e Terap\u00eautica Veterin\u00e1ria I e Diagn\u00f3stico por Imagem Veterin\u00e1rio<\/a><\/li>\n<li><a href=\"https:\/\/hvp.ufpr.br\/wp-content\/uploads\/2026\/02\/2026-1-Edital-de-divulgacao-DCV010.pdf\">Edital de Sele\u00e7\u00e3o de monitores &#8211; Disciplina Laborat\u00f3rio cl\u00ednico veterin\u00e1rio<\/a><\/li>\n<li><a href=\"https:\/\/hvp.ufpr.br\/wp-content\/uploads\/2026\/02\/2026-I-Edital-de-selecao-DCV016-e-DCV035-V.2.pdf\">Edital de Sele\u00e7\u00e3o de monitores \u2013 Disciplina de Fisiopatologia da Reprodu\u00e7\u00e3o dos Animais Dom\u00e9sticos e Biotecnologia da Reprodu\u00e7\u00e3o dos Animais Dom\u00e9sticos<\/a><\/li>\n<li><a href=\"https:\/\/hvp.ufpr.br\/wp-content\/uploads\/2026\/02\/Edital-monitoria-Semiologia-2026-1.pdf\">Edital de Sele\u00e7\u00e3o de monitores \u2013 Disciplina de Semiologia Veterin\u00e1ria<\/a><\/li>\n<\/ul>\n<\/li>\n<\/ul>\n<p>&nbsp;<\/p>\n<p>&nbsp;<\/p>\n<p>&nbsp;<\/p>\n<p><strong>Resultados:<\/strong><\/p>\n<p>&nbsp;<\/p>\n","protected":false},"excerpt":{"rendered":"<p>Sele\u00e7\u00e3o para 2026\/01 &nbsp; Edital de Sele\u00e7\u00e3o de monitores &#8211; Disciplina de Cl\u00ednica Cir\u00fargica de Pequenos Animais Edital de Sele\u00e7\u00e3o de monitores &#8211; Disciplina de Farmacologia e Terap\u00eautica Veterin\u00e1ria I e Diagn\u00f3stico por Imagem Veterin\u00e1rio Edital de Sele\u00e7\u00e3o de monitores &#8211; Disciplina Laborat\u00f3rio cl\u00ednico veterin\u00e1rio Edital de Sele\u00e7\u00e3o de monitores \u2013 Disciplina de Fisiopatologia da [&hellip;]<\/p>\n","protected":false},"author":4,"featured_media":0,"parent":0,"menu_order":0,"comment_status":"closed","ping_status":"closed","template":"","meta":{"_acf_changed":false,"episode_type":"","audio_file":"","podmotor_file_id":"","podmotor_episode_id":"","cover_image":"","cover_image_id":"","duration":"","filesize":"","filesize_raw":"","date_recorded":"","explicit":"","block":"","itunes_episode_number":"","itunes_title":"","itunes_season_number":"","itunes_episode_type":"","footnotes":""},"class_list":["post-845","page","type-page","status-publish","hentry"],"acf":[],"_links":{"self":[{"href":"https:\/\/hvp.ufpr.br\/index.php?rest_route=\/wp\/v2\/pages\/845","targetHints":{"allow":["GET"]}}],"collection":[{"href":"https:\/\/hvp.ufpr.br\/index.php?rest_route=\/wp\/v2\/pages"}],"about":[{"href":"https:\/\/hvp.ufpr.br\/index.php?rest_route=\/wp\/v2\/types\/page"}],"author":[{"embeddable":true,"href":"https:\/\/hvp.ufpr.br\/index.php?rest_route=\/wp\/v2\/users\/4"}],"replies":[{"embeddable":true,"href":"https:\/\/hvp.ufpr.br\/index.php?rest_route=%2Fwp%2Fv2%2Fcomments&post=845"}],"version-history":[{"count":56,"href":"https:\/\/hvp.ufpr.br\/index.php?rest_route=\/wp\/v2\/pages\/845\/revisions"}],"predecessor-version":[{"id":1589,"href":"https:\/\/hvp.ufpr.br\/index.php?rest_route=\/wp\/v2\/pages\/845\/revisions\/1589"}],"wp:attachment":[{"href":"https:\/\/hvp.ufpr.br\/index.php?rest_route=%2Fwp%2Fv2%2Fmedia&parent=845"}],"curies":[{"name":"wp","href":"https:\/\/api.w.org\/{rel}","templated":true}]}}