{"id":638,"date":"2021-12-16T16:24:48","date_gmt":"2021-12-16T19:24:48","guid":{"rendered":"https:\/\/hvp.ufpr.br\/?page_id=638"},"modified":"2026-04-17T08:25:56","modified_gmt":"2026-04-17T11:25:56","slug":"professores-do-prmvcp","status":"publish","type":"page","link":"https:\/\/hvp.ufpr.br\/?page_id=638","title":{"rendered":"Professores do PRMVCP"},"content":{"rendered":"<p align=\"justify\">O Programa de Resid\u00eancia em Medicina Veterin\u00e1ria Campus Palotina conta com docentes e t\u00e9cnicos em educa\u00e7\u00e3o que auxiliam como tutores e preceptores dos m\u00e9dicos veterin\u00e1rios residentes nas diferentes \u00e1reas do Programa.<\/p>\n<h5><\/h5>\n<h2>Docentes:<\/h2>\n<ul>\n<li><a href=\"http:\/\/lattes.cnpq.br\/1607979747867785\">Aline de Marco Viott<\/a>: Anatomia Patol\u00f3gica (viott@ufpr.br)<\/li>\n<li><a href=\"http:\/\/lattes.cnpq.br\/5552430861037366\">Anderson Luiz de Carvalho<\/a>: Medicina e Conserva\u00e7\u00e3o da Fauna Silvestre (andersoncarvalho@ufpr.br)<\/li>\n<li><a href=\"http:\/\/lattes.cnpq.br\/4581813358094137\">Elisabete Takiuchi<\/a>: Doen\u00e7as Parasit\u00e1rias dos Animais (e.takiuchi@ufpr.br)<\/li>\n<li><a href=\"http:\/\/lattes.cnpq.br\/4660645152917789\">Erica Cristina Bueno do Prado Guirro<\/a>: <span data-olk-copy-source=\"MessageBody\">Medicina Integrativa e Reabilita\u00e7\u00e3o de C\u00e3es, Gatos e Silvestres<\/span> (ericaguirro@ufpr.br)<\/li>\n<li><a href=\"http:\/\/lattes.cnpq.br\/5893922634349065\">Fabiana Caroline Zempulski Volpato<\/a>: Bacteriologia Cl\u00ednica\/ Resist\u00eancia Bacteriana (fabiana.volpato@ufpr.br)<\/li>\n<li><a href=\"http:\/\/lattes.cnpq.br\/5387327785320019\">Fab\u00edola Bono Fukushima<\/a>: Anestesiologia Veterin\u00e1ria (fabiola@ufpr.br)<\/li>\n<li><a href=\"http:\/\/lattes.cnpq.br\/0021572864283170\">Fl\u00e1vio Shigueru Jojima<\/a>: Diagn\u00f3stico por Imagem e Cl\u00ednica M\u00e9dica de Pequenos Animais (fsjojima@ufpr.br)<\/li>\n<li><a href=\"http:\/\/lattes.cnpq.br\/9590630730213572\">Geane Maciel Pagliosa<\/a>: Cl\u00ednica M\u00e9dica e Cir\u00fargica de Grandes Animais (geanepagliosa@ufpr.br)<\/li>\n<li><a href=\"http:\/\/lattes.cnpq.br\/0383395575088844\">Luciano dos Santos Bersot<\/a>: Inspe\u00e7\u00e3o de Produtos de Origem Animal (lucianobersot@ufpr.br)<\/li>\n<li><a href=\"http:\/\/lattes.cnpq.br\/5538628470649197\">Manoela Marchezan Piva<\/a>: Anatomia Patol\u00f3gica (manoela.marchezan@ufpr.br)<\/li>\n<li><a href=\"http:\/\/lattes.cnpq.br\/3698501623622131\">Marilene Machado Silva<\/a>: Diagn\u00f3stico por Imagem, Laborat\u00f3rio Cl\u00ednico e\u00a0Cl\u00ednica M\u00e9dica e Cir\u00fargica de Grandes Animais (marilenems@ufpr.br)<\/li>\n<li><a href=\"http:\/\/lattes.cnpq.br\/3413682266616617\">Maristela de C\u00e1ssia Seudo Lopes<\/a>: Cl\u00ednica M\u00e9dica e Cir\u00fargica de Grandes Animais (maristela.cassia@ufpr.br)<\/li>\n<li><a href=\"http:\/\/lattes.cnpq.br\/0743727587116778\">M\u00f4nica Kanashiro Oyafuso<\/a>: Cl\u00ednica M\u00e9dica de Pequenos Animais (mokanashiro@ufpr.br)<\/li>\n<li><a href=\"http:\/\/lattes.cnpq.br\/4702424097747096\">Nelson Luis Mello Fernandes<\/a>: Doen\u00e7as Parasit\u00e1rias dos Animais (nelson@ufpr.br)<\/li>\n<li><a href=\"http:\/\/lattes.cnpq.br\/5084780496738690\">Olicies da Cunha<\/a>: Cl\u00ednica Cir\u00fargica de Pequenos Animais (olicies@ufpr.br)<\/li>\n<li><a href=\"http:\/\/lattes.cnpq.br\/9416137308189493\">Vin\u00edcius Cunha Barcellos<\/a>: Inspe\u00e7\u00e3o de Produtos de Origem Animal (vcbarcellos@ufpr.br)<\/li>\n<\/ul>\n<p>&nbsp;<\/p>\n<h2>T\u00e9cnicos em Educa\u00e7\u00e3o:<\/h2>\n<ul>\n<li><a href=\"http:\/\/lattes.cnpq.br\/5728275627279663\">Anuzia Cristina Barini Nunes<\/a>: T\u00e9cnica em educa\u00e7\u00e3o na \u00e1rea de Pequenos Animais (anuziavet@ufpr.br)<\/li>\n<li><a href=\"http:\/\/lattes.cnpq.br\/1757232221618124\">Marcio Hamamura<\/a>: T\u00e9cnico em educa\u00e7\u00e3o na \u00e1rea de Pequenos Animais (mhamamura@ufpr.br)<\/li>\n<li><a href=\"http:\/\/lattes.cnpq.br\/1560907617413169\">Pedro Argel Zadinelo Moreira<\/a>: T\u00e9cnico em educa\u00e7\u00e3o do Laborat\u00f3rio Cl\u00ednico (pedroargel@ufpr.br)<\/li>\n<\/ul>\n","protected":false},"excerpt":{"rendered":"<p>O Programa de Resid\u00eancia em Medicina Veterin\u00e1ria Campus Palotina conta com docentes e t\u00e9cnicos em educa\u00e7\u00e3o que auxiliam como tutores e preceptores dos m\u00e9dicos veterin\u00e1rios residentes nas diferentes \u00e1reas do Programa. Docentes: Aline de Marco Viott: Anatomia Patol\u00f3gica (viott@ufpr.br) Anderson Luiz de Carvalho: Medicina e Conserva\u00e7\u00e3o da Fauna Silvestre (andersoncarvalho@ufpr.br) Elisabete Takiuchi: Doen\u00e7as Parasit\u00e1rias dos [&hellip;]<\/p>\n","protected":false},"author":4,"featured_media":0,"parent":0,"menu_order":0,"comment_status":"closed","ping_status":"closed","template":"","meta":{"_acf_changed":false,"episode_type":"","audio_file":"","podmotor_file_id":"","podmotor_episode_id":"","cover_image":"","cover_image_id":"","duration":"","filesize":"","filesize_raw":"","date_recorded":"","explicit":"","block":"","itunes_episode_number":"","itunes_title":"","itunes_season_number":"","itunes_episode_type":"","footnotes":""},"class_list":["post-638","page","type-page","status-publish","hentry"],"acf":[],"_links":{"self":[{"href":"https:\/\/hvp.ufpr.br\/index.php?rest_route=\/wp\/v2\/pages\/638","targetHints":{"allow":["GET"]}}],"collection":[{"href":"https:\/\/hvp.ufpr.br\/index.php?rest_route=\/wp\/v2\/pages"}],"about":[{"href":"https:\/\/hvp.ufpr.br\/index.php?rest_route=\/wp\/v2\/types\/page"}],"author":[{"embeddable":true,"href":"https:\/\/hvp.ufpr.br\/index.php?rest_route=\/wp\/v2\/users\/4"}],"replies":[{"embeddable":true,"href":"https:\/\/hvp.ufpr.br\/index.php?rest_route=%2Fwp%2Fv2%2Fcomments&post=638"}],"version-history":[{"count":8,"href":"https:\/\/hvp.ufpr.br\/index.php?rest_route=\/wp\/v2\/pages\/638\/revisions"}],"predecessor-version":[{"id":1623,"href":"https:\/\/hvp.ufpr.br\/index.php?rest_route=\/wp\/v2\/pages\/638\/revisions\/1623"}],"wp:attachment":[{"href":"https:\/\/hvp.ufpr.br\/index.php?rest_route=%2Fwp%2Fv2%2Fmedia&parent=638"}],"curies":[{"name":"wp","href":"https:\/\/api.w.org\/{rel}","templated":true}]}}