{"id":631,"date":"2021-12-16T16:14:13","date_gmt":"2021-12-16T19:14:13","guid":{"rendered":"https:\/\/hvp.ufpr.br\/?page_id=631"},"modified":"2025-11-19T13:31:40","modified_gmt":"2025-11-19T16:31:40","slug":"documentos-prmvcp","status":"publish","type":"page","link":"https:\/\/hvp.ufpr.br\/?page_id=631","title":{"rendered":"Documentos &#8211; PRMVCP"},"content":{"rendered":"<ul>\n<li><a href=\"https:\/\/hvp.ufpr.br\/wp-content\/uploads\/2025\/11\/Certificado-Banca-PRMV-Palotina-2.docx\">Declara\u00e7\u00e3o de defesa<\/a><\/li>\n<li><a href=\"https:\/\/hvp.ufpr.br\/wp-content\/uploads\/2025\/11\/MODELO-Ata-de-defesa-TCR-2.doc\">Ata de defesa TCR<\/a><\/li>\n<li><a href=\"https:\/\/hvp.ufpr.br\/wp-content\/uploads\/2021\/12\/CONTROLE-DE-FREQUENCIA-RESIDENTE-2017-1.pdf\">Controle de frequ\u00eancia mensal &#8211; Estagi\u00e1rio Externo<\/a><\/li>\n<li><a href=\"https:\/\/hvp.ufpr.br\/wp-content\/uploads\/2025\/07\/Formulario-de-Solicitacao-de-Estagio-Eletivo.pdf\">Formul\u00e1rio de Solicita\u00e7\u00e3o de Est\u00e1gio<\/a><\/li>\n<li><a href=\"https:\/\/hvp.ufpr.br\/wp-content\/uploads\/2023\/04\/Solicitacao-afastamento-concessao.pdf\">Formul\u00e1rio de Solicita\u00e7\u00e3o de Afastamento-concess\u00e3o<\/a><\/li>\n<\/ul>\n<p>&nbsp;<\/p>\n","protected":false},"excerpt":{"rendered":"<p>Declara\u00e7\u00e3o de defesa Ata de defesa TCR Controle de frequ\u00eancia mensal &#8211; Estagi\u00e1rio Externo Formul\u00e1rio de Solicita\u00e7\u00e3o de Est\u00e1gio Formul\u00e1rio de Solicita\u00e7\u00e3o de Afastamento-concess\u00e3o &nbsp;<\/p>\n","protected":false},"author":4,"featured_media":0,"parent":47,"menu_order":0,"comment_status":"closed","ping_status":"closed","template":"","meta":{"_acf_changed":false,"episode_type":"","audio_file":"","podmotor_file_id":"","podmotor_episode_id":"","cover_image":"","cover_image_id":"","duration":"","filesize":"","filesize_raw":"","date_recorded":"","explicit":"","block":"","itunes_episode_number":"","itunes_title":"","itunes_season_number":"","itunes_episode_type":"","footnotes":""},"class_list":["post-631","page","type-page","status-publish","hentry"],"acf":[],"_links":{"self":[{"href":"https:\/\/hvp.ufpr.br\/index.php?rest_route=\/wp\/v2\/pages\/631","targetHints":{"allow":["GET"]}}],"collection":[{"href":"https:\/\/hvp.ufpr.br\/index.php?rest_route=\/wp\/v2\/pages"}],"about":[{"href":"https:\/\/hvp.ufpr.br\/index.php?rest_route=\/wp\/v2\/types\/page"}],"author":[{"embeddable":true,"href":"https:\/\/hvp.ufpr.br\/index.php?rest_route=\/wp\/v2\/users\/4"}],"replies":[{"embeddable":true,"href":"https:\/\/hvp.ufpr.br\/index.php?rest_route=%2Fwp%2Fv2%2Fcomments&post=631"}],"version-history":[{"count":12,"href":"https:\/\/hvp.ufpr.br\/index.php?rest_route=\/wp\/v2\/pages\/631\/revisions"}],"predecessor-version":[{"id":1537,"href":"https:\/\/hvp.ufpr.br\/index.php?rest_route=\/wp\/v2\/pages\/631\/revisions\/1537"}],"up":[{"embeddable":true,"href":"https:\/\/hvp.ufpr.br\/index.php?rest_route=\/wp\/v2\/pages\/47"}],"wp:attachment":[{"href":"https:\/\/hvp.ufpr.br\/index.php?rest_route=%2Fwp%2Fv2%2Fmedia&parent=631"}],"curies":[{"name":"wp","href":"https:\/\/api.w.org\/{rel}","templated":true}]}}