{"id":599,"date":"2021-12-16T10:08:15","date_gmt":"2021-12-16T13:08:15","guid":{"rendered":"https:\/\/hvp.ufpr.br\/?page_id=599"},"modified":"2023-04-04T09:31:05","modified_gmt":"2023-04-04T12:31:05","slug":"2021-resolucoes-instrucoes-normativas","status":"publish","type":"page","link":"https:\/\/hvp.ufpr.br\/?page_id=599","title":{"rendered":"2021 &#8211; Resolu\u00e7\u00f5es\/Instru\u00e7\u00f5es Normativas"},"content":{"rendered":"<ul>\n<li><a href=\"https:\/\/hvp.ufpr.br\/wp-content\/uploads\/2023\/04\/Instrucao-normativa-01-2021-seguranca-HVP-alterada-em-24-03-2023-3.pdf\">IN n\u00ba 01\/2021 \u2013 DISP\u00d5E SOBRE AS MEDIDAS DE SEGURAN\u00c7A NO AMBITO DO HVP<\/a><\/li>\n<li><a href=\"https:\/\/hvp.ufpr.br\/wp-content\/uploads\/2021\/12\/Instrucao-normativa-02-2021-Alta.pdf\">IN n\u00ba 02\/2021 &#8211; DISP\u00d5E SOBRE OS PROCEDIMENTOS PARA A INTERNA\u00c7\u00c3O E LIBERA\u00c7\u00c3O DE PACIENTES NO HVP<\/a><\/li>\n<li><a href=\"https:\/\/hvp.ufpr.br\/wp-content\/uploads\/2021\/12\/Instrucao-normativa-03-2021-Centro-cirurgico.pdf\">IN n\u00ba 03\/2021 &#8211; DISP\u00d5E SOBRE OS PROCEDIMENTOS AP\u00d3S A REALIZA\u00c7\u00c3O DE PROCEDIMENTOS CIR\u00daRGICOS NO HVP<\/a><\/li>\n<li><a href=\"https:\/\/hvp.ufpr.br\/wp-content\/uploads\/2021\/12\/Instrucao-normativa-04-2021-Residencia.pdf\">IN n\u00ba 04\/2021 &#8211; DISP\u00d5E SOBRE AS SA\u00cdDAS DE M\u00c9DICOS VETERIN\u00c1RIOS RESIDENTES NO HOR\u00c1RIO DE TRABALHO<\/a><\/li>\n<li><a href=\"https:\/\/hvp.ufpr.br\/wp-content\/uploads\/2021\/12\/Instrucao-normativa-05-2021-Internamento.pdf\">IN n\u00ba 05\/2021 &#8211; DISP\u00d5E SOBRE AS ATRIBUI\u00c7\u00d5ES DOS M\u00c9DICOS VETERIN\u00c1RIOS E DOS AUXILIARES DE VETERIN\u00c1RIO NO INTERNAMENTO DE PEQUENOS ANIMAIS<\/a><\/li>\n<\/ul>\n","protected":false},"excerpt":{"rendered":"<p>IN n\u00ba 01\/2021 \u2013 DISP\u00d5E SOBRE AS MEDIDAS DE SEGURAN\u00c7A NO AMBITO DO HVP IN n\u00ba 02\/2021 &#8211; DISP\u00d5E SOBRE OS PROCEDIMENTOS PARA A INTERNA\u00c7\u00c3O E LIBERA\u00c7\u00c3O DE PACIENTES NO HVP IN n\u00ba 03\/2021 &#8211; DISP\u00d5E SOBRE OS PROCEDIMENTOS AP\u00d3S A REALIZA\u00c7\u00c3O DE PROCEDIMENTOS CIR\u00daRGICOS NO HVP IN n\u00ba 04\/2021 &#8211; DISP\u00d5E SOBRE AS SA\u00cdDAS [&hellip;]<\/p>\n","protected":false},"author":4,"featured_media":0,"parent":0,"menu_order":0,"comment_status":"closed","ping_status":"closed","template":"","meta":{"_acf_changed":false,"episode_type":"","audio_file":"","podmotor_file_id":"","podmotor_episode_id":"","cover_image":"","cover_image_id":"","duration":"","filesize":"","filesize_raw":"","date_recorded":"","explicit":"","block":"","itunes_episode_number":"","itunes_title":"","itunes_season_number":"","itunes_episode_type":"","footnotes":""},"class_list":["post-599","page","type-page","status-publish","hentry"],"acf":[],"_links":{"self":[{"href":"https:\/\/hvp.ufpr.br\/index.php?rest_route=\/wp\/v2\/pages\/599","targetHints":{"allow":["GET"]}}],"collection":[{"href":"https:\/\/hvp.ufpr.br\/index.php?rest_route=\/wp\/v2\/pages"}],"about":[{"href":"https:\/\/hvp.ufpr.br\/index.php?rest_route=\/wp\/v2\/types\/page"}],"author":[{"embeddable":true,"href":"https:\/\/hvp.ufpr.br\/index.php?rest_route=\/wp\/v2\/users\/4"}],"replies":[{"embeddable":true,"href":"https:\/\/hvp.ufpr.br\/index.php?rest_route=%2Fwp%2Fv2%2Fcomments&post=599"}],"version-history":[{"count":10,"href":"https:\/\/hvp.ufpr.br\/index.php?rest_route=\/wp\/v2\/pages\/599\/revisions"}],"predecessor-version":[{"id":919,"href":"https:\/\/hvp.ufpr.br\/index.php?rest_route=\/wp\/v2\/pages\/599\/revisions\/919"}],"wp:attachment":[{"href":"https:\/\/hvp.ufpr.br\/index.php?rest_route=%2Fwp%2Fv2%2Fmedia&parent=599"}],"curies":[{"name":"wp","href":"https:\/\/api.w.org\/{rel}","templated":true}]}}