{"id":425,"date":"2021-09-27T16:53:14","date_gmt":"2021-09-27T19:53:14","guid":{"rendered":"https:\/\/hvp.ufpr.br\/?page_id=425"},"modified":"2021-12-09T15:37:00","modified_gmt":"2021-12-09T18:37:00","slug":"missao","status":"publish","type":"page","link":"https:\/\/hvp.ufpr.br\/?page_id=425","title":{"rendered":"Miss\u00e3o"},"content":{"rendered":"<p align=\"justify\">Servir de local de ensino, treinamento, aperfei\u00e7oamento e pesquisa para alunos da gradua\u00e7\u00e3o em Medicina Veterin\u00e1ria e de p\u00f3s-gradua\u00e7\u00e3o cuja \u00e1rea de atua\u00e7\u00e3o seja diretamente relacionada ao Hospital Veterin\u00e1rio ao prestar servi\u00e7os m\u00e9dico-cir\u00fargicos, ambulatoriais e\/ou hospitalares e de aux\u00edlio diagn\u00f3stico \u00e0 comunidade, no campo da medicina veterin\u00e1ria, dentro de programas de ensino definidos visando atender atividades de ensino, pesquisa e extens\u00e3o.<\/p>\n","protected":false},"excerpt":{"rendered":"<p>Servir de local de ensino, treinamento, aperfei\u00e7oamento e pesquisa para alunos da gradua\u00e7\u00e3o em Medicina Veterin\u00e1ria e de p\u00f3s-gradua\u00e7\u00e3o cuja \u00e1rea de atua\u00e7\u00e3o seja diretamente relacionada ao Hospital Veterin\u00e1rio ao prestar servi\u00e7os m\u00e9dico-cir\u00fargicos, ambulatoriais e\/ou hospitalares e de aux\u00edlio diagn\u00f3stico \u00e0 comunidade, no campo da medicina veterin\u00e1ria, dentro de programas de ensino definidos visando atender [&hellip;]<\/p>\n","protected":false},"author":3,"featured_media":0,"parent":273,"menu_order":0,"comment_status":"closed","ping_status":"closed","template":"","meta":{"_acf_changed":false,"episode_type":"","audio_file":"","podmotor_file_id":"","podmotor_episode_id":"","cover_image":"","cover_image_id":"","duration":"","filesize":"","filesize_raw":"","date_recorded":"","explicit":"","block":"","itunes_episode_number":"","itunes_title":"","itunes_season_number":"","itunes_episode_type":"","footnotes":""},"class_list":["post-425","page","type-page","status-publish","hentry"],"acf":[],"_links":{"self":[{"href":"https:\/\/hvp.ufpr.br\/index.php?rest_route=\/wp\/v2\/pages\/425","targetHints":{"allow":["GET"]}}],"collection":[{"href":"https:\/\/hvp.ufpr.br\/index.php?rest_route=\/wp\/v2\/pages"}],"about":[{"href":"https:\/\/hvp.ufpr.br\/index.php?rest_route=\/wp\/v2\/types\/page"}],"author":[{"embeddable":true,"href":"https:\/\/hvp.ufpr.br\/index.php?rest_route=\/wp\/v2\/users\/3"}],"replies":[{"embeddable":true,"href":"https:\/\/hvp.ufpr.br\/index.php?rest_route=%2Fwp%2Fv2%2Fcomments&post=425"}],"version-history":[{"count":4,"href":"https:\/\/hvp.ufpr.br\/index.php?rest_route=\/wp\/v2\/pages\/425\/revisions"}],"predecessor-version":[{"id":468,"href":"https:\/\/hvp.ufpr.br\/index.php?rest_route=\/wp\/v2\/pages\/425\/revisions\/468"}],"up":[{"embeddable":true,"href":"https:\/\/hvp.ufpr.br\/index.php?rest_route=\/wp\/v2\/pages\/273"}],"wp:attachment":[{"href":"https:\/\/hvp.ufpr.br\/index.php?rest_route=%2Fwp%2Fv2%2Fmedia&parent=425"}],"curies":[{"name":"wp","href":"https:\/\/api.w.org\/{rel}","templated":true}]}}