{"id":409,"date":"2021-09-27T16:47:21","date_gmt":"2021-09-27T19:47:21","guid":{"rendered":"https:\/\/hvp.ufpr.br\/?page_id=409"},"modified":"2025-03-11T14:12:58","modified_gmt":"2025-03-11T17:12:58","slug":"circulares-vigentes","status":"publish","type":"page","link":"https:\/\/hvp.ufpr.br\/?page_id=409","title":{"rendered":"Circulares vigentes"},"content":{"rendered":"<ul>\n<li><a href=\"https:\/\/hvp.ufpr.br\/wp-content\/uploads\/2025\/03\/Circular_01-2025_-_Reajuste_dos_precos_assinado.pdf\">Circular 01\/2025 &#8211; Reajuste de Pre\u00e7os dos Servi\u00e7os Prestados no HVP<\/a><\/li>\n<li><a href=\"https:\/\/hvp.ufpr.br\/wp-content\/uploads\/2025\/03\/Circular_03-2025_-_Procedimentos_para_Concessao_de_Descontos_e_Isencoes_assinado.pdf\">Circular 03\/2025 &#8211; Procedimentos para Concess\u00e3o de Descontos<\/a><\/li>\n<li><a href=\"https:\/\/hvp.ufpr.br\/wp-content\/uploads\/2025\/03\/Circular_04-2025_-_Implementacao_de_Ficha_de_Triagem3AEmergencia_assinado.pdf\">Circular 04\/2025 &#8211; Ficha de Triagem\/Emerg\u00eancia<\/a><\/li>\n<\/ul>\n<p>&nbsp;<\/p>\n<ul>\n<li><a href=\"https:\/\/hvp.ufpr.br\/wp-content\/uploads\/2024\/07\/Circular_04-2024_-_Area_de_desembarque_Grandes_Animais_assinado.pdf\">Circular 04\/2024 &#8211; \u00c1rea de desembarque de Grandes Animais<\/a><\/li>\n<\/ul>\n<p>&nbsp;<\/p>\n<ul>\n<li><a href=\"https:\/\/hvp.ufpr.br\/wp-content\/uploads\/2022\/02\/Circular-01-22-Pijamas-cirurgicos-e-jalecos-personalizados-por-area.pdf\">Circular 01\/2022<\/a> &#8211; Pijamas cir\u00fargicos e jalecos personalizados por \u00e1rea<\/li>\n<li><a href=\"https:\/\/hvp.ufpr.br\/wp-content\/uploads\/2022\/02\/Circular-02-22-Sala-de-alta.pdf\">Circular 02\/2022<\/a> &#8211; Sala de alta<\/li>\n<li><a href=\"https:\/\/hvp.ufpr.br\/wp-content\/uploads\/2022\/02\/Circular-03-22-Liberacao-de-medicamentos-e-produtos-na-Farmacia.pdf\">Circular 03\/2022<\/a> &#8211; Libera\u00e7\u00e3o de medicamentos e produtos na Farm\u00e1cia<\/li>\n<li><a href=\"https:\/\/hvp.ufpr.br\/wp-content\/uploads\/2022\/02\/Circular-04-2022-Reajuste-dos-precos.pdf\">Circular 04\/2022<\/a> &#8211; Reajuste dos pre\u00e7os<\/li>\n<li><a href=\"https:\/\/hvp.ufpr.br\/wp-content\/uploads\/2023\/04\/Circular-05-2023-Autorizacao-do-uso-de-imagem-de-paciente-do-HVP.pdf\">Circular 05\/2023<\/a> &#8211; Autoriza\u00e7\u00e3o do uso de imagem de paciente do HV<\/li>\n<li><a href=\"https:\/\/hvp.ufpr.br\/wp-content\/uploads\/2023\/04\/Circular-06-2023-Mudanca-a-respeito-do-agendamento-de-consultas-retornos-e-exames-de-imagem-com-ou-sem-sedacao.pdf\">Circular 06\/2023<\/a> &#8211; Mudan\u00e7a do procedimento de agendamento de consultas, retornos, procedimentos e exames de imagem com e sem seda\u00e7\u00e3o<\/li>\n<li><a href=\"https:\/\/hvp.ufpr.br\/wp-content\/uploads\/2023\/04\/Circular-07-2023-Lancamento-de-materiais-usados-em-procedimentos-cirurgicos-e-anestesicos.pdf\">Circular 07\/2023<\/a> &#8211; Lan\u00e7amento de materiais usados em procedimentos cir\u00fargicos e anest\u00e9sicos e pacientes internados<\/li>\n<li><a href=\"https:\/\/hvp.ufpr.br\/wp-content\/uploads\/2023\/04\/Circular-08-2023-Portas-de-acesso-ao-HV.pdf\">Circular 08\/2023<\/a> &#8211; Fechamento das portas de acesso principal e secund\u00e1rios ao HVP<\/li>\n<\/ul>\n<p>&nbsp;<\/p>\n","protected":false},"excerpt":{"rendered":"<p>Circular 01\/2025 &#8211; Reajuste de Pre\u00e7os dos Servi\u00e7os Prestados no HVP Circular 03\/2025 &#8211; Procedimentos para Concess\u00e3o de Descontos Circular 04\/2025 &#8211; Ficha de Triagem\/Emerg\u00eancia &nbsp; Circular 04\/2024 &#8211; \u00c1rea de desembarque de Grandes Animais &nbsp; Circular 01\/2022 &#8211; Pijamas cir\u00fargicos e jalecos personalizados por \u00e1rea Circular 02\/2022 &#8211; Sala de alta Circular 03\/2022 &#8211; [&hellip;]<\/p>\n","protected":false},"author":3,"featured_media":0,"parent":0,"menu_order":0,"comment_status":"closed","ping_status":"closed","template":"","meta":{"_acf_changed":false,"episode_type":"","audio_file":"","podmotor_file_id":"","podmotor_episode_id":"","cover_image":"","cover_image_id":"","duration":"","filesize":"","filesize_raw":"","date_recorded":"","explicit":"","block":"","itunes_episode_number":"","itunes_title":"","itunes_season_number":"","itunes_episode_type":"","footnotes":""},"class_list":["post-409","page","type-page","status-publish","hentry"],"acf":[],"_links":{"self":[{"href":"https:\/\/hvp.ufpr.br\/index.php?rest_route=\/wp\/v2\/pages\/409","targetHints":{"allow":["GET"]}}],"collection":[{"href":"https:\/\/hvp.ufpr.br\/index.php?rest_route=\/wp\/v2\/pages"}],"about":[{"href":"https:\/\/hvp.ufpr.br\/index.php?rest_route=\/wp\/v2\/types\/page"}],"author":[{"embeddable":true,"href":"https:\/\/hvp.ufpr.br\/index.php?rest_route=\/wp\/v2\/users\/3"}],"replies":[{"embeddable":true,"href":"https:\/\/hvp.ufpr.br\/index.php?rest_route=%2Fwp%2Fv2%2Fcomments&post=409"}],"version-history":[{"count":11,"href":"https:\/\/hvp.ufpr.br\/index.php?rest_route=\/wp\/v2\/pages\/409\/revisions"}],"predecessor-version":[{"id":1395,"href":"https:\/\/hvp.ufpr.br\/index.php?rest_route=\/wp\/v2\/pages\/409\/revisions\/1395"}],"wp:attachment":[{"href":"https:\/\/hvp.ufpr.br\/index.php?rest_route=%2Fwp%2Fv2%2Fmedia&parent=409"}],"curies":[{"name":"wp","href":"https:\/\/api.w.org\/{rel}","templated":true}]}}