{"id":322,"date":"2021-09-27T16:40:11","date_gmt":"2021-09-27T19:40:11","guid":{"rendered":"https:\/\/hvp.ufpr.br\/?page_id=322"},"modified":"2026-02-19T13:12:20","modified_gmt":"2026-02-19T16:12:20","slug":"pva","status":"publish","type":"page","link":"https:\/\/hvp.ufpr.br\/?page_id=322","title":{"rendered":"PVA"},"content":{"rendered":"<p>Exclusivo para alunos da UFPR via Programa de Voluntariado Acad\u00eamico (PVA).<\/p>\n<p>Os interessados dever\u00e3o entrar em contato direto com o professor respons\u00e1vel pelas \u00e1reas de atua\u00e7\u00e3o no HVP.<\/p>\n<p>&nbsp;<\/p>\n<ul>\n<li style=\"list-style-type: none\">\n<ul>\n<li><a href=\"https:\/\/forms.gle\/ZPwPcBgqwYaoRHwd9\">Sele\u00e7\u00e3o de PVA &#8211; Laborat\u00f3rio de Reprodu\u00e7\u00e3o Animal (LaREPRO) &#8211; Interessados podem se inscrever at\u00e9 o dia 01\/03\/2026<\/a><\/li>\n<\/ul>\n<\/li>\n<\/ul>\n<p>&nbsp;<\/p>\n","protected":false},"excerpt":{"rendered":"<p>Exclusivo para alunos da UFPR via Programa de Voluntariado Acad\u00eamico (PVA). Os interessados dever\u00e3o entrar em contato direto com o professor respons\u00e1vel pelas \u00e1reas de atua\u00e7\u00e3o no HVP. &nbsp; Sele\u00e7\u00e3o de PVA &#8211; Laborat\u00f3rio de Reprodu\u00e7\u00e3o Animal (LaREPRO) &#8211; Interessados podem se inscrever at\u00e9 o dia 01\/03\/2026 &nbsp;<\/p>\n","protected":false},"author":3,"featured_media":0,"parent":0,"menu_order":0,"comment_status":"closed","ping_status":"closed","template":"","meta":{"_acf_changed":false,"episode_type":"","audio_file":"","podmotor_file_id":"","podmotor_episode_id":"","cover_image":"","cover_image_id":"","duration":"","filesize":"","filesize_raw":"","date_recorded":"","explicit":"","block":"","itunes_episode_number":"","itunes_title":"","itunes_season_number":"","itunes_episode_type":"","footnotes":""},"class_list":["post-322","page","type-page","status-publish","hentry"],"acf":[],"_links":{"self":[{"href":"https:\/\/hvp.ufpr.br\/index.php?rest_route=\/wp\/v2\/pages\/322","targetHints":{"allow":["GET"]}}],"collection":[{"href":"https:\/\/hvp.ufpr.br\/index.php?rest_route=\/wp\/v2\/pages"}],"about":[{"href":"https:\/\/hvp.ufpr.br\/index.php?rest_route=\/wp\/v2\/types\/page"}],"author":[{"embeddable":true,"href":"https:\/\/hvp.ufpr.br\/index.php?rest_route=\/wp\/v2\/users\/3"}],"replies":[{"embeddable":true,"href":"https:\/\/hvp.ufpr.br\/index.php?rest_route=%2Fwp%2Fv2%2Fcomments&post=322"}],"version-history":[{"count":18,"href":"https:\/\/hvp.ufpr.br\/index.php?rest_route=\/wp\/v2\/pages\/322\/revisions"}],"predecessor-version":[{"id":1585,"href":"https:\/\/hvp.ufpr.br\/index.php?rest_route=\/wp\/v2\/pages\/322\/revisions\/1585"}],"wp:attachment":[{"href":"https:\/\/hvp.ufpr.br\/index.php?rest_route=%2Fwp%2Fv2%2Fmedia&parent=322"}],"curies":[{"name":"wp","href":"https:\/\/api.w.org\/{rel}","templated":true}]}}