{"id":308,"date":"2021-09-27T16:40:10","date_gmt":"2021-09-27T19:40:10","guid":{"rendered":"https:\/\/hvp.ufpr.br\/?page_id=308"},"modified":"2023-09-21T13:54:01","modified_gmt":"2023-09-21T16:54:01","slug":"laboratorio-de-patologia-veterinaria","status":"publish","type":"page","link":"https:\/\/hvp.ufpr.br\/?page_id=308","title":{"rendered":"Laborat\u00f3rio de Patologia Veterin\u00e1ria"},"content":{"rendered":"<h2>Requisi\u00e7\u00f5es Externas<\/h2>\n<ul>\n<li><a href=\"https:\/\/hvp.ufpr.br\/wp-content\/uploads\/2023\/09\/Requisicao-necroscopica-Pequenos.pdf\">Requisi\u00e7\u00e3o para Exame Necrosc\u00f3pico &#8211; Pequenos Animais<\/a><\/li>\n<li><a href=\"https:\/\/hvp.ufpr.br\/wp-content\/uploads\/2023\/09\/Requisicao-necroscopica-Grandes.pdf\">Requisi\u00e7\u00e3o para Exame Necrosc\u00f3pico &#8211; Grandes Animais<\/a><\/li>\n<li><a href=\"https:\/\/hvp.ufpr.br\/wp-content\/uploads\/2023\/09\/Requisicao-necroscopica-suinos.pdf\">Requisi\u00e7\u00e3o para Exame Necrosc\u00f3pico &#8211; Su\u00ednos<\/a><\/li>\n<li><a href=\"https:\/\/hvp.ufpr.br\/wp-content\/uploads\/2023\/09\/Requisicao-cito-histo.pdf\">Requisi\u00e7\u00e3o para Exame Citopatol\u00f3gico \/ Histopatol\u00f3gico<\/a><\/li>\n<\/ul>\n","protected":false},"excerpt":{"rendered":"<p>Requisi\u00e7\u00f5es Externas Requisi\u00e7\u00e3o para Exame Necrosc\u00f3pico &#8211; Pequenos Animais Requisi\u00e7\u00e3o para Exame Necrosc\u00f3pico &#8211; Grandes Animais Requisi\u00e7\u00e3o para Exame Necrosc\u00f3pico &#8211; Su\u00ednos Requisi\u00e7\u00e3o para Exame Citopatol\u00f3gico \/ Histopatol\u00f3gico<\/p>\n","protected":false},"author":3,"featured_media":0,"parent":0,"menu_order":0,"comment_status":"closed","ping_status":"closed","template":"","meta":{"_acf_changed":false,"episode_type":"","audio_file":"","podmotor_file_id":"","podmotor_episode_id":"","cover_image":"","cover_image_id":"","duration":"","filesize":"","filesize_raw":"","date_recorded":"","explicit":"","block":"","itunes_episode_number":"","itunes_title":"","itunes_season_number":"","itunes_episode_type":"","footnotes":""},"class_list":["post-308","page","type-page","status-publish","hentry"],"acf":[],"_links":{"self":[{"href":"https:\/\/hvp.ufpr.br\/index.php?rest_route=\/wp\/v2\/pages\/308","targetHints":{"allow":["GET"]}}],"collection":[{"href":"https:\/\/hvp.ufpr.br\/index.php?rest_route=\/wp\/v2\/pages"}],"about":[{"href":"https:\/\/hvp.ufpr.br\/index.php?rest_route=\/wp\/v2\/types\/page"}],"author":[{"embeddable":true,"href":"https:\/\/hvp.ufpr.br\/index.php?rest_route=\/wp\/v2\/users\/3"}],"replies":[{"embeddable":true,"href":"https:\/\/hvp.ufpr.br\/index.php?rest_route=%2Fwp%2Fv2%2Fcomments&post=308"}],"version-history":[{"count":3,"href":"https:\/\/hvp.ufpr.br\/index.php?rest_route=\/wp\/v2\/pages\/308\/revisions"}],"predecessor-version":[{"id":1015,"href":"https:\/\/hvp.ufpr.br\/index.php?rest_route=\/wp\/v2\/pages\/308\/revisions\/1015"}],"wp:attachment":[{"href":"https:\/\/hvp.ufpr.br\/index.php?rest_route=%2Fwp%2Fv2%2Fmedia&parent=308"}],"curies":[{"name":"wp","href":"https:\/\/api.w.org\/{rel}","templated":true}]}}