{"id":296,"date":"2021-09-27T16:40:09","date_gmt":"2021-09-27T19:40:09","guid":{"rendered":"https:\/\/hvp.ufpr.br\/?page_id=296"},"modified":"2026-02-11T16:38:50","modified_gmt":"2026-02-11T19:38:50","slug":"clinica-medica-e-cirurgica-de-animais-silvestres","status":"publish","type":"page","link":"https:\/\/hvp.ufpr.br\/?page_id=296","title":{"rendered":"Cl\u00ednica M\u00e9dica e Cir\u00fargica de Animais Silvestres"},"content":{"rendered":"<p style=\"text-align: justify;\">O Servi\u00e7o de Atendimento de Animais Silvestres e Ex\u00f3ticos do Hospital Veterin\u00e1rio da UFPR Setor Palotina (SAAS-HVP) realiza o atendimento permanente deste 2011. Atualmente, nossa equipe \u00e9 formada por um professor orientador, tr\u00eas m\u00e9dicas veterin\u00e1rias residentes, uma tratadora e estagi\u00e1rios e conta com a colabora\u00e7\u00e3o de v\u00e1rias outras especialidades que atuam no HVP para uma melhor aten\u00e7\u00e3o aos pacientes. Nossa estrutura conta com consult\u00f3rio, tr\u00eas salas de interna\u00e7\u00e3o, ambulat\u00f3rio e cozinha, al\u00e9m de tr\u00eas viveiros externos para auxiliar na reabilita\u00e7\u00e3o de animais de vida livre.<\/p>\n<p style=\"text-align: justify;\"><strong>Nossa equipe est\u00e1 dispon\u00edvel 24 horas por dia, para o recebimento de fauna silvestre nativa brasileira de vida livre, em emerg\u00eancia.<\/strong> Neste grupo, incluem-se corujas, gavi\u00f5es, maritacas, pombas, cachorros-do-mato, gamb\u00e1s, ouri\u00e7os, quatis, macacos, on\u00e7as, gatos-do-mato, serpentes, entre outros (ENVIAR FOTO DO ANIMAL PARA IDENTIFICA\u00c7\u00c3O). <strong>Nosso telefone de emerg\u00eancia \u00e9 o (44) 99742-0258.<\/strong><\/p>\n<p style=\"text-align: justify;\">Al\u00e9m disso, o SAAS atende Pets N\u00e3o Convencionais, seguindo o hor\u00e1rio comercial do HVP, com agendamento pelo telefone <strong>(44) 99752-0021<\/strong>. Neste grupo, incluem-se as calopsitas, coelhos, hamsters, papagaios e outros animais sob cuidados humanos em DOMIC\u00cdLIO e que possuam respons\u00e1veis pelos animais.<\/p>\n<p>Os servi\u00e7os prestados s\u00e3o:<\/p>\n<p>\u00b7 Consultas;<\/p>\n<p>\u00b7 Cirurgias;<\/p>\n<p>\u00b7 Exames complementares;<\/p>\n<p>\u00b7 Interna\u00e7\u00e3o;<\/p>\n<p>\u00b7 Recebimento, triagem, reabilita\u00e7\u00e3o e reintrodu\u00e7\u00e3o de animais de vida livre.<\/p>\n","protected":false},"excerpt":{"rendered":"<p>O Servi\u00e7o de Atendimento de Animais Silvestres e Ex\u00f3ticos do Hospital Veterin\u00e1rio da UFPR Setor Palotina (SAAS-HVP) realiza o atendimento permanente deste 2011. Atualmente, nossa equipe \u00e9 formada por um professor orientador, tr\u00eas m\u00e9dicas veterin\u00e1rias residentes, uma tratadora e estagi\u00e1rios e conta com a colabora\u00e7\u00e3o de v\u00e1rias outras especialidades que atuam no HVP para uma [&hellip;]<\/p>\n","protected":false},"author":3,"featured_media":0,"parent":0,"menu_order":0,"comment_status":"closed","ping_status":"closed","template":"","meta":{"_acf_changed":false,"episode_type":"","audio_file":"","podmotor_file_id":"","podmotor_episode_id":"","cover_image":"","cover_image_id":"","duration":"","filesize":"","filesize_raw":"","date_recorded":"","explicit":"","block":"","itunes_episode_number":"","itunes_title":"","itunes_season_number":"","itunes_episode_type":"","footnotes":""},"class_list":["post-296","page","type-page","status-publish","hentry"],"acf":[],"_links":{"self":[{"href":"https:\/\/hvp.ufpr.br\/index.php?rest_route=\/wp\/v2\/pages\/296","targetHints":{"allow":["GET"]}}],"collection":[{"href":"https:\/\/hvp.ufpr.br\/index.php?rest_route=\/wp\/v2\/pages"}],"about":[{"href":"https:\/\/hvp.ufpr.br\/index.php?rest_route=\/wp\/v2\/types\/page"}],"author":[{"embeddable":true,"href":"https:\/\/hvp.ufpr.br\/index.php?rest_route=\/wp\/v2\/users\/3"}],"replies":[{"embeddable":true,"href":"https:\/\/hvp.ufpr.br\/index.php?rest_route=%2Fwp%2Fv2%2Fcomments&post=296"}],"version-history":[{"count":6,"href":"https:\/\/hvp.ufpr.br\/index.php?rest_route=\/wp\/v2\/pages\/296\/revisions"}],"predecessor-version":[{"id":1577,"href":"https:\/\/hvp.ufpr.br\/index.php?rest_route=\/wp\/v2\/pages\/296\/revisions\/1577"}],"wp:attachment":[{"href":"https:\/\/hvp.ufpr.br\/index.php?rest_route=%2Fwp%2Fv2%2Fmedia&parent=296"}],"curies":[{"name":"wp","href":"https:\/\/api.w.org\/{rel}","templated":true}]}}