{"id":288,"date":"2021-09-27T16:40:08","date_gmt":"2021-09-27T19:40:08","guid":{"rendered":"https:\/\/hvp.ufpr.br\/?page_id=288"},"modified":"2026-03-12T09:21:26","modified_gmt":"2026-03-12T12:21:26","slug":"servidores-tercerizados","status":"publish","type":"page","link":"https:\/\/hvp.ufpr.br\/?page_id=288","title":{"rendered":"Servidores Terceirizados"},"content":{"rendered":"<table style=\"height: 469px;\" width=\"754\">\n<tbody>\n<tr>\n<td width=\"283\"><strong>Servidores Terceirizados\/FUNPAR<\/strong><\/td>\n<td width=\"283\"><strong>\u00c1rea de Atua\u00e7\u00e3o<\/strong><\/td>\n<\/tr>\n<tr>\n<td width=\"283\"><strong>Ana Maria Scriptore<\/strong><\/td>\n<td width=\"283\">Lavanderia<\/td>\n<\/tr>\n<tr>\n<td width=\"283\"><strong>Andr\u00e9ia Satig Vieira<\/strong><\/td>\n<td width=\"283\">Recep\u00e7\u00e3o e Secretaria<\/td>\n<\/tr>\n<tr>\n<td width=\"283\"><strong>Michele Martins<\/strong><\/td>\n<td width=\"283\">Tratador de Animais<\/td>\n<\/tr>\n<tr>\n<td width=\"283\"><strong>Simone Coutinho Campelo da Silva<\/strong><\/td>\n<td width=\"283\">Encarregada Administrativa<\/td>\n<\/tr>\n<tr>\n<td width=\"283\"><strong>Alexandre Felipe Oliveira de Almeida<\/strong><\/td>\n<td width=\"283\">Trabalhador Agropecu\u00e1rio<\/td>\n<\/tr>\n<tr>\n<td width=\"283\"><strong>Jenifer Resende da Silva<\/strong><\/td>\n<td width=\"283\">Almoxarife<\/td>\n<\/tr>\n<tr>\n<td width=\"283\"><strong>Genoveva de Souza Garcia<\/strong><\/td>\n<td width=\"283\">Auxiliar de Veterin\u00e1rio<\/td>\n<\/tr>\n<tr>\n<td width=\"283\"><strong>Guilherme dos Santos Wohlemberg<\/strong><\/td>\n<td width=\"283\">Trabalhador Agropecu\u00e1rio<\/td>\n<\/tr>\n<tr>\n<td width=\"283\"><strong>Georgia Carolina Rohden Da Silva<\/strong><\/td>\n<td width=\"283\">Auxiliar de Veterin\u00e1rio<\/td>\n<\/tr>\n<tr>\n<td width=\"283\"><strong>Janete Fernandes<\/strong><\/td>\n<td width=\"283\">Auxiliar de Servi\u00e7os Gerais<\/td>\n<\/tr>\n<tr>\n<td width=\"283\"><strong>Juliana Marcirio<\/strong><\/td>\n<td width=\"283\">Auxiliar de Servi\u00e7os Gerais<\/td>\n<\/tr>\n<tr>\n<td width=\"283\"><strong>Raquel Rodrigues de Lima<\/strong><\/td>\n<td width=\"283\">Auxiliar de Escrit\u00f3rio<\/td>\n<\/tr>\n<tr>\n<td width=\"283\"><strong>Miriela<\/strong><\/td>\n<td width=\"283\">Auxiliar de Servi\u00e7os Gerais<\/td>\n<\/tr>\n<tr>\n<td width=\"283\"><strong>Rosimeire Aparecida Barbosa de Oliveira<\/strong><\/td>\n<td width=\"283\">Auxiliar de Servi\u00e7os Gerais<\/td>\n<\/tr>\n<tr>\n<td width=\"283\"><strong>Natalia Da Silva Padilha<\/strong><\/td>\n<td width=\"283\">Encarregada Administrativa<\/td>\n<\/tr>\n<tr>\n<td width=\"283\"><strong>Heloisa dos Anjos Gabriel Secchi<\/strong><\/td>\n<td width=\"283\">Recepcionista<\/td>\n<\/tr>\n<tr>\n<td width=\"283\"><strong>Leliana Maiara Dilkin<\/strong><\/td>\n<td width=\"283\">Recepcionista<\/td>\n<\/tr>\n<tr>\n<td width=\"283\"><strong>Bruna Vit\u00f3ria Ramos Lima<\/strong><\/td>\n<td width=\"283\">Auxiliar de Veterin\u00e1rio<\/td>\n<\/tr>\n<tr>\n<td width=\"283\"><strong>Jenifer Caroline Alves Rampim<\/strong><\/td>\n<td width=\"283\">Auxiliar de Veterin\u00e1rio<\/td>\n<\/tr>\n<tr>\n<td width=\"283\"><strong>Maria Aparecida Marcolino<\/strong><\/td>\n<td width=\"283\">Lavanderia<\/td>\n<\/tr>\n<tr>\n<td width=\"283\"><strong>Vilma<\/strong><\/td>\n<td width=\"283\">Lavanderia<\/td>\n<\/tr>\n<tr>\n<td width=\"283\"><strong>Amanda Giovana Piacentini<\/strong><\/td>\n<td width=\"283\">Tratador de Animais<\/td>\n<\/tr>\n<tr>\n<td width=\"283\"><strong>Marilana Sott<\/strong><\/td>\n<td width=\"283\">Auxiliar de Veterin\u00e1rio<\/td>\n<\/tr>\n<\/tbody>\n<\/table>\n<p>&nbsp;<\/p>\n","protected":false},"excerpt":{"rendered":"<p>Servidores Terceirizados\/FUNPAR \u00c1rea de Atua\u00e7\u00e3o Ana Maria Scriptore Lavanderia Andr\u00e9ia Satig Vieira Recep\u00e7\u00e3o e Secretaria Michele Martins Tratador de Animais Simone Coutinho Campelo da Silva Encarregada Administrativa Alexandre Felipe Oliveira de Almeida Trabalhador Agropecu\u00e1rio Jenifer Resende da Silva Almoxarife Genoveva de Souza Garcia Auxiliar de Veterin\u00e1rio Guilherme dos Santos Wohlemberg Trabalhador Agropecu\u00e1rio Georgia Carolina Rohden [&hellip;]<\/p>\n","protected":false},"author":3,"featured_media":0,"parent":0,"menu_order":0,"comment_status":"closed","ping_status":"closed","template":"","meta":{"_acf_changed":false,"episode_type":"","audio_file":"","podmotor_file_id":"","podmotor_episode_id":"","cover_image":"","cover_image_id":"","duration":"","filesize":"","filesize_raw":"","date_recorded":"","explicit":"","block":"","itunes_episode_number":"","itunes_title":"","itunes_season_number":"","itunes_episode_type":"","footnotes":""},"class_list":["post-288","page","type-page","status-publish","hentry"],"acf":[],"_links":{"self":[{"href":"https:\/\/hvp.ufpr.br\/index.php?rest_route=\/wp\/v2\/pages\/288","targetHints":{"allow":["GET"]}}],"collection":[{"href":"https:\/\/hvp.ufpr.br\/index.php?rest_route=\/wp\/v2\/pages"}],"about":[{"href":"https:\/\/hvp.ufpr.br\/index.php?rest_route=\/wp\/v2\/types\/page"}],"author":[{"embeddable":true,"href":"https:\/\/hvp.ufpr.br\/index.php?rest_route=\/wp\/v2\/users\/3"}],"replies":[{"embeddable":true,"href":"https:\/\/hvp.ufpr.br\/index.php?rest_route=%2Fwp%2Fv2%2Fcomments&post=288"}],"version-history":[{"count":42,"href":"https:\/\/hvp.ufpr.br\/index.php?rest_route=\/wp\/v2\/pages\/288\/revisions"}],"predecessor-version":[{"id":1601,"href":"https:\/\/hvp.ufpr.br\/index.php?rest_route=\/wp\/v2\/pages\/288\/revisions\/1601"}],"wp:attachment":[{"href":"https:\/\/hvp.ufpr.br\/index.php?rest_route=%2Fwp%2Fv2%2Fmedia&parent=288"}],"curies":[{"name":"wp","href":"https:\/\/api.w.org\/{rel}","templated":true}]}}