{"id":273,"date":"2021-09-27T16:05:38","date_gmt":"2021-09-27T19:05:38","guid":{"rendered":"https:\/\/hvp.ufpr.br\/?page_id=273"},"modified":"2021-12-07T10:25:46","modified_gmt":"2021-12-07T13:25:46","slug":"apresentacao","status":"publish","type":"page","link":"https:\/\/hvp.ufpr.br\/?page_id=273","title":{"rendered":"Apresenta\u00e7\u00e3o"},"content":{"rendered":"<p>O Hospital Veterin\u00e1rio (HVP) da Universidade Federal do Paran\u00e1 \u2013 Setor Palotina foi fundado\u00a0em 16 de mar\u00e7o de 1996 para atendimento ao curso de Medicina Veterin\u00e1ria da UFPR \u2013 Campus Palotina. \u00c9 uma unidade do Setor Palotina, com sede na Rua Pioneiro, 2153 na cidade de Palotina \u2013 Paran\u00e1. Possui aproximadamente 2.500 m2 e apresenta estrutura administrativa pr\u00f3pria.<\/p>\n<p>Os servi\u00e7os realizados no HVP ser\u00e3o cobrados. A manuten\u00e7\u00e3o do funcionamento depende da arrecada\u00e7\u00e3o mesmo se tratando de uma institui\u00e7\u00e3o p\u00fablica.<\/p>\n","protected":false},"excerpt":{"rendered":"<p>O Hospital Veterin\u00e1rio (HVP) da Universidade Federal do Paran\u00e1 \u2013 Setor Palotina foi fundado\u00a0em 16 de mar\u00e7o de 1996 para atendimento ao curso de Medicina Veterin\u00e1ria da UFPR \u2013 Campus Palotina. \u00c9 uma unidade do Setor Palotina, com sede na Rua Pioneiro, 2153 na cidade de Palotina \u2013 Paran\u00e1. Possui aproximadamente 2.500 m2 e apresenta [&hellip;]<\/p>\n","protected":false},"author":3,"featured_media":0,"parent":0,"menu_order":0,"comment_status":"closed","ping_status":"closed","template":"full-width.php","meta":{"_acf_changed":false,"episode_type":"","audio_file":"","podmotor_file_id":"","podmotor_episode_id":"","cover_image":"","cover_image_id":"","duration":"","filesize":"","filesize_raw":"","date_recorded":"","explicit":"","block":"","itunes_episode_number":"","itunes_title":"","itunes_season_number":"","itunes_episode_type":"","footnotes":""},"class_list":["post-273","page","type-page","status-publish","hentry"],"acf":[],"_links":{"self":[{"href":"https:\/\/hvp.ufpr.br\/index.php?rest_route=\/wp\/v2\/pages\/273","targetHints":{"allow":["GET"]}}],"collection":[{"href":"https:\/\/hvp.ufpr.br\/index.php?rest_route=\/wp\/v2\/pages"}],"about":[{"href":"https:\/\/hvp.ufpr.br\/index.php?rest_route=\/wp\/v2\/types\/page"}],"author":[{"embeddable":true,"href":"https:\/\/hvp.ufpr.br\/index.php?rest_route=\/wp\/v2\/users\/3"}],"replies":[{"embeddable":true,"href":"https:\/\/hvp.ufpr.br\/index.php?rest_route=%2Fwp%2Fv2%2Fcomments&post=273"}],"version-history":[{"count":3,"href":"https:\/\/hvp.ufpr.br\/index.php?rest_route=\/wp\/v2\/pages\/273\/revisions"}],"predecessor-version":[{"id":454,"href":"https:\/\/hvp.ufpr.br\/index.php?rest_route=\/wp\/v2\/pages\/273\/revisions\/454"}],"wp:attachment":[{"href":"https:\/\/hvp.ufpr.br\/index.php?rest_route=%2Fwp%2Fv2%2Fmedia&parent=273"}],"curies":[{"name":"wp","href":"https:\/\/api.w.org\/{rel}","templated":true}]}}