{"id":1551,"date":"2026-02-04T15:15:28","date_gmt":"2026-02-04T18:15:28","guid":{"rendered":"https:\/\/hvp.ufpr.br\/?page_id=1551"},"modified":"2026-02-04T15:25:33","modified_gmt":"2026-02-04T18:25:33","slug":"2024-resolucoes-instrucoes-normativas","status":"publish","type":"page","link":"https:\/\/hvp.ufpr.br\/?page_id=1551","title":{"rendered":"2024 &#8211; Resolu\u00e7\u00f5es\/Instru\u00e7\u00f5es Normativas"},"content":{"rendered":"<ul>\n<li><a href=\"https:\/\/hvp.ufpr.br\/wp-content\/uploads\/2026\/02\/Instrucao-normativa-01-2024-Altera-IN-06.2023-que-Dispoe-sobre-a-forma-de-aquisicao-de-materiais-medicamentos-e-equipamentos-no-HVP.pdf\">IN n\u00ba 01\/2024 &#8211; Disp\u00f5e sobre a forma de aquisi\u00e7\u00e3o de materiais, medicamentos e equipamentos no HVP (formul\u00e1rios abaixo)<\/a>\n<ul>\n<li><a href=\"https:\/\/hvp.ufpr.br\/wp-content\/uploads\/2026\/02\/FORMULARIO-DE-SOLICITACAO-DE-INCLUSAO-E-MANUTENCAO-DE-EQUIPAMENTOS.docx\">Formul\u00e1rio de solicita\u00e7\u00e3o de inclus\u00e3o e manuten\u00e7\u00e3o de equipamentos<\/a><\/li>\n<li><a href=\"https:\/\/hvp.ufpr.br\/wp-content\/uploads\/2026\/02\/FORMULARIO-DE-SOLICITACAO-DE-INCLUSAO-E-EXCLUSAO-DE-MAT.REAG-DE-LABORATORIO-1.docx\">Formul\u00e1rio de solicita\u00e7\u00e3o de inclus\u00e3o e exclus\u00e3o de materiais reagentes de laborat\u00f3rio<\/a><\/li>\n<li><a href=\"https:\/\/hvp.ufpr.br\/wp-content\/uploads\/2026\/02\/FORMULARIO-DE-SOLICITACAO-DE-INCLUSAO-E-EXCLUSAO-DE-MEDICAMENTOS.docx\">Formul\u00e1rio de solicita\u00e7\u00e3o de inclus\u00e3o e exclus\u00e3o de medicamentos<\/a><\/li>\n<li><a href=\"https:\/\/hvp.ufpr.br\/wp-content\/uploads\/2026\/02\/FORMULARIO-DE-SOLICITACAO-DE-INCLUSAO-E-EXCLUSAO-DE-MATERIAIS-MEDICO-HOSPITALARES.docx\">Formul\u00e1rio de solicita\u00e7\u00e3o de inclus\u00e3o e exclus\u00e3o de materiais m\u00e9dico-hospitalares<\/a><\/li>\n<\/ul>\n<\/li>\n<\/ul>\n<p>&nbsp;<\/p>\n<ul>\n<li><a href=\"https:\/\/hvp.ufpr.br\/wp-content\/uploads\/2026\/02\/Instrucao-normativa-02-2024-Descarte-de-cadaveres.pdf\">IN n\u00ba 02\/2024 &#8211; Disp\u00f5e sobre o descarte de cad\u00e1veres oriundos do atendimento do HVP<\/a><\/li>\n<\/ul>\n","protected":false},"excerpt":{"rendered":"<p>IN n\u00ba 01\/2024 &#8211; Disp\u00f5e sobre a forma de aquisi\u00e7\u00e3o de materiais, medicamentos e equipamentos no HVP (formul\u00e1rios abaixo) Formul\u00e1rio de solicita\u00e7\u00e3o de inclus\u00e3o e manuten\u00e7\u00e3o de equipamentos Formul\u00e1rio de solicita\u00e7\u00e3o de inclus\u00e3o e exclus\u00e3o de materiais reagentes de laborat\u00f3rio Formul\u00e1rio de solicita\u00e7\u00e3o de inclus\u00e3o e exclus\u00e3o de medicamentos Formul\u00e1rio de solicita\u00e7\u00e3o de inclus\u00e3o e [&hellip;]<\/p>\n","protected":false},"author":4,"featured_media":0,"parent":0,"menu_order":0,"comment_status":"closed","ping_status":"closed","template":"","meta":{"_acf_changed":false,"episode_type":"","audio_file":"","podmotor_file_id":"","podmotor_episode_id":"","cover_image":"","cover_image_id":"","duration":"","filesize":"","filesize_raw":"","date_recorded":"","explicit":"","block":"","itunes_episode_number":"","itunes_title":"","itunes_season_number":"","itunes_episode_type":"","footnotes":""},"class_list":["post-1551","page","type-page","status-publish","hentry"],"acf":[],"_links":{"self":[{"href":"https:\/\/hvp.ufpr.br\/index.php?rest_route=\/wp\/v2\/pages\/1551","targetHints":{"allow":["GET"]}}],"collection":[{"href":"https:\/\/hvp.ufpr.br\/index.php?rest_route=\/wp\/v2\/pages"}],"about":[{"href":"https:\/\/hvp.ufpr.br\/index.php?rest_route=\/wp\/v2\/types\/page"}],"author":[{"embeddable":true,"href":"https:\/\/hvp.ufpr.br\/index.php?rest_route=\/wp\/v2\/users\/4"}],"replies":[{"embeddable":true,"href":"https:\/\/hvp.ufpr.br\/index.php?rest_route=%2Fwp%2Fv2%2Fcomments&post=1551"}],"version-history":[{"count":7,"href":"https:\/\/hvp.ufpr.br\/index.php?rest_route=\/wp\/v2\/pages\/1551\/revisions"}],"predecessor-version":[{"id":1565,"href":"https:\/\/hvp.ufpr.br\/index.php?rest_route=\/wp\/v2\/pages\/1551\/revisions\/1565"}],"wp:attachment":[{"href":"https:\/\/hvp.ufpr.br\/index.php?rest_route=%2Fwp%2Fv2%2Fmedia&parent=1551"}],"curies":[{"name":"wp","href":"https:\/\/api.w.org\/{rel}","templated":true}]}}