{"id":1298,"date":"2024-11-28T09:19:32","date_gmt":"2024-11-28T12:19:32","guid":{"rendered":"https:\/\/hvp.ufpr.br\/?page_id=1298"},"modified":"2025-07-04T11:06:19","modified_gmt":"2025-07-04T14:06:19","slug":"pos-graduacao-ciencia-animal","status":"publish","type":"page","link":"https:\/\/hvp.ufpr.br\/?page_id=1298","title":{"rendered":"P\u00f3s-Gradua\u00e7\u00e3o &#8211; Ci\u00eancia Animal"},"content":{"rendered":"<p>Orientadora: Fab\u00edola Bono Fukushima &#8211; Anestesiologia Veterin\u00e1ria<\/p>\n<ul>\n<li>Mestranda: Danielle Mara Lopes<\/li>\n<\/ul>\n<p>&nbsp;<\/p>\n<p>Orientador: Ol\u00edcies da Cunha &#8211; Cl\u00ednica Cir\u00fargica de Pequenos Animais<\/p>\n<ul>\n<li>Mestranda: Laura Ayala Lazarotto<\/li>\n<li>Doutorando: Gabriel Rampanelli<\/li>\n<\/ul>\n","protected":false},"excerpt":{"rendered":"<p>Orientadora: Fab\u00edola Bono Fukushima &#8211; Anestesiologia Veterin\u00e1ria Mestranda: Danielle Mara Lopes &nbsp; Orientador: Ol\u00edcies da Cunha &#8211; Cl\u00ednica Cir\u00fargica de Pequenos Animais Mestranda: Laura Ayala Lazarotto Doutorando: Gabriel Rampanelli<\/p>\n","protected":false},"author":4,"featured_media":0,"parent":0,"menu_order":0,"comment_status":"closed","ping_status":"closed","template":"","meta":{"_acf_changed":false,"episode_type":"","audio_file":"","podmotor_file_id":"","podmotor_episode_id":"","cover_image":"","cover_image_id":"","duration":"","filesize":"","filesize_raw":"","date_recorded":"","explicit":"","block":"","itunes_episode_number":"","itunes_title":"","itunes_season_number":"","itunes_episode_type":"","footnotes":""},"class_list":["post-1298","page","type-page","status-publish","hentry"],"acf":[],"_links":{"self":[{"href":"https:\/\/hvp.ufpr.br\/index.php?rest_route=\/wp\/v2\/pages\/1298","targetHints":{"allow":["GET"]}}],"collection":[{"href":"https:\/\/hvp.ufpr.br\/index.php?rest_route=\/wp\/v2\/pages"}],"about":[{"href":"https:\/\/hvp.ufpr.br\/index.php?rest_route=\/wp\/v2\/types\/page"}],"author":[{"embeddable":true,"href":"https:\/\/hvp.ufpr.br\/index.php?rest_route=\/wp\/v2\/users\/4"}],"replies":[{"embeddable":true,"href":"https:\/\/hvp.ufpr.br\/index.php?rest_route=%2Fwp%2Fv2%2Fcomments&post=1298"}],"version-history":[{"count":5,"href":"https:\/\/hvp.ufpr.br\/index.php?rest_route=\/wp\/v2\/pages\/1298\/revisions"}],"predecessor-version":[{"id":1478,"href":"https:\/\/hvp.ufpr.br\/index.php?rest_route=\/wp\/v2\/pages\/1298\/revisions\/1478"}],"wp:attachment":[{"href":"https:\/\/hvp.ufpr.br\/index.php?rest_route=%2Fwp%2Fv2%2Fmedia&parent=1298"}],"curies":[{"name":"wp","href":"https:\/\/api.w.org\/{rel}","templated":true}]}}