{"id":1147,"date":"2024-03-27T08:22:28","date_gmt":"2024-03-27T11:22:28","guid":{"rendered":"https:\/\/hvp.ufpr.br\/?page_id=1147"},"modified":"2026-03-09T11:20:43","modified_gmt":"2026-03-09T14:20:43","slug":"projetos-de-extensao","status":"publish","type":"page","link":"https:\/\/hvp.ufpr.br\/?page_id=1147","title":{"rendered":"Projetos de Extens\u00e3o"},"content":{"rendered":"<p>&#8211; <a href=\"https:\/\/hvp.ufpr.br\/wp-content\/uploads\/2026\/03\/2026-Edital-selecao-Projeto-de-Extensao-achovet-e-lalac.pdf\"> 3\u00aa Edi\u00e7\u00e3o &#8211; Assessoria a um hospital veterin\u00e1rio e 2\u00aa edi\u00e7\u00e3o &#8211; Liga de laborat\u00f3rio cl\u00ednico na medicina veterin\u00e1ria &#8211; LaLAC \u2013 MV<\/a><\/p>\n<p>&nbsp;<\/p>\n<p>&nbsp;<\/p>\n<p><strong>Resultados:<\/strong><\/p>\n<p>&nbsp;<\/p>\n","protected":false},"excerpt":{"rendered":"<p>&#8211; 3\u00aa Edi\u00e7\u00e3o &#8211; Assessoria a um hospital veterin\u00e1rio e 2\u00aa edi\u00e7\u00e3o &#8211; Liga de laborat\u00f3rio cl\u00ednico na medicina veterin\u00e1ria &#8211; LaLAC \u2013 MV &nbsp; &nbsp; Resultados: &nbsp;<\/p>\n","protected":false},"author":4,"featured_media":0,"parent":0,"menu_order":0,"comment_status":"closed","ping_status":"closed","template":"","meta":{"_acf_changed":false,"episode_type":"","audio_file":"","podmotor_file_id":"","podmotor_episode_id":"","cover_image":"","cover_image_id":"","duration":"","filesize":"","filesize_raw":"","date_recorded":"","explicit":"","block":"","itunes_episode_number":"","itunes_title":"","itunes_season_number":"","itunes_episode_type":"","footnotes":""},"class_list":["post-1147","page","type-page","status-publish","hentry"],"acf":[],"_links":{"self":[{"href":"https:\/\/hvp.ufpr.br\/index.php?rest_route=\/wp\/v2\/pages\/1147","targetHints":{"allow":["GET"]}}],"collection":[{"href":"https:\/\/hvp.ufpr.br\/index.php?rest_route=\/wp\/v2\/pages"}],"about":[{"href":"https:\/\/hvp.ufpr.br\/index.php?rest_route=\/wp\/v2\/types\/page"}],"author":[{"embeddable":true,"href":"https:\/\/hvp.ufpr.br\/index.php?rest_route=\/wp\/v2\/users\/4"}],"replies":[{"embeddable":true,"href":"https:\/\/hvp.ufpr.br\/index.php?rest_route=%2Fwp%2Fv2%2Fcomments&post=1147"}],"version-history":[{"count":8,"href":"https:\/\/hvp.ufpr.br\/index.php?rest_route=\/wp\/v2\/pages\/1147\/revisions"}],"predecessor-version":[{"id":1598,"href":"https:\/\/hvp.ufpr.br\/index.php?rest_route=\/wp\/v2\/pages\/1147\/revisions\/1598"}],"wp:attachment":[{"href":"https:\/\/hvp.ufpr.br\/index.php?rest_route=%2Fwp%2Fv2%2Fmedia&parent=1147"}],"curies":[{"name":"wp","href":"https:\/\/api.w.org\/{rel}","templated":true}]}}