{"id":1044,"date":"2023-12-12T08:21:35","date_gmt":"2023-12-12T11:21:35","guid":{"rendered":"https:\/\/hvp.ufpr.br\/?page_id=1044"},"modified":"2024-07-18T15:39:45","modified_gmt":"2024-07-18T18:39:45","slug":"pgc-2025","status":"publish","type":"page","link":"https:\/\/hvp.ufpr.br\/?page_id=1044","title":{"rendered":"PGC &#8211; 2025"},"content":{"rendered":"<ul>\n<li><a href=\"https:\/\/docs.google.com\/spreadsheets\/d\/e\/2PACX-1vRPOCpXSE8C4MgR727gFriqWUfRup98FAxxz12e4AICIZoTrgu_oBzMNm1Be5p1Ig\/pubhtml\">Medicamentos Veterin\u00e1rios<\/a><\/li>\n<li><a href=\"https:\/\/docs.google.com\/spreadsheets\/d\/e\/2PACX-1vRPOCpXSE8C4MgR727gFriqWUfRup98FAxxz12e4AICIZoTrgu_oBzMNm1Be5p1Ig\/pubhtml?gid=1879101080&amp;single=true\">Medicamentos de Uso Humano<\/a><\/li>\n<li><a href=\"https:\/\/docs.google.com\/spreadsheets\/d\/e\/2PACX-1vSrI-Nv_PQ-2Y9z_8S9h8HKMfot3GABVGRSxX1Sm2JWFxQIwb20moYoKconz3jKOGIjRK9kJe2HHF3q\/pubhtml\">Almoxarifado<\/a><\/li>\n<li><a href=\"https:\/\/docs.google.com\/spreadsheets\/d\/e\/2PACX-1vTN3Ug7KLadeL1Cv5wTdU5RAAYhFY0cUHT6oSx8PlTAaxaOJ_5BybJIklK7l2TMcaYcGV8zF0LAe4kQ\/pubhtml\">\u00c1rea de Grandes Animais<\/a><\/li>\n<li><a href=\"https:\/\/docs.google.com\/spreadsheets\/d\/e\/2PACX-1vQtqS17WbkYqSIZ7uRRsH1DsjoObtLKcXJfzZfKPc-TGf1C_V6JZlIbHkD7UJXvRYaYfgsUqWcmoU0R\/pubhtml\">\u00c1rea Reprodu\u00e7\u00e3o Animal<\/a><\/li>\n<li><a href=\"https:\/\/docs.google.com\/spreadsheets\/d\/e\/2PACX-1vRbbUWycmW2Ridi8aQrEe3tJ3CgB2HuX-gQOIPnKMyqlkwNEaqq0TmCu6Buuv7FyrihX9H6JowLd-ft\/pubhtml\">ATICO<\/a><\/li>\n<li><a href=\"https:\/\/docs.google.com\/spreadsheets\/d\/e\/2PACX-1vRyYBXhwfkedS5veeKawPInyhQGqdk7iplDYg47lJVZ5M948cOB2Wh1t3Lxw9BjmVvWiD3jDV7D_sGf\/pubhtml\">Equipamentos e Aparelhos<\/a><\/li>\n<li><a href=\"https:\/\/docs.google.com\/spreadsheets\/d\/e\/2PACX-1vTVoFLptQB89W17k4nD5xkjPPCv1lzRiRfZ1OTrW-C25b9OL1CGJVwmOGqh42ATYdtJFEPLRi4ABWQm\/pubhtml\">Laborat\u00f3rios<\/a><\/li>\n<li><a href=\"https:\/\/docs.google.com\/spreadsheets\/d\/e\/2PACX-1vS2kA11Uef2FlxXpOyQYc_e_ognvoYeFsl_K4n8vNiaRi9BMHfzTd_gxyJqADJHgA\/pubhtml\">Cl\u00ednica M\u00e9dica de Pequenos Animais<\/a><\/li>\n<li><a href=\"https:\/\/docs.google.com\/spreadsheets\/d\/e\/2PACX-1vQB_YOf4sMItCFbPQOBIyuqWY3hJvBNJbuozRaxxLV-MEV6-wfsqQNu1iwiTL1Ax8cbV_jWUpdoF_SB\/pubhtml\">Anest\u00e9sico<\/a><\/li>\n<\/ul>\n","protected":false},"excerpt":{"rendered":"<p>Medicamentos Veterin\u00e1rios Medicamentos de Uso Humano Almoxarifado \u00c1rea de Grandes Animais \u00c1rea Reprodu\u00e7\u00e3o Animal ATICO Equipamentos e Aparelhos Laborat\u00f3rios Cl\u00ednica M\u00e9dica de Pequenos Animais Anest\u00e9sico<\/p>\n","protected":false},"author":4,"featured_media":0,"parent":0,"menu_order":0,"comment_status":"closed","ping_status":"closed","template":"","meta":{"_acf_changed":false,"episode_type":"","audio_file":"","podmotor_file_id":"","podmotor_episode_id":"","cover_image":"","cover_image_id":"","duration":"","filesize":"","filesize_raw":"","date_recorded":"","explicit":"","block":"","itunes_episode_number":"","itunes_title":"","itunes_season_number":"","itunes_episode_type":"","footnotes":""},"class_list":["post-1044","page","type-page","status-publish","hentry"],"acf":[],"_links":{"self":[{"href":"https:\/\/hvp.ufpr.br\/index.php?rest_route=\/wp\/v2\/pages\/1044","targetHints":{"allow":["GET"]}}],"collection":[{"href":"https:\/\/hvp.ufpr.br\/index.php?rest_route=\/wp\/v2\/pages"}],"about":[{"href":"https:\/\/hvp.ufpr.br\/index.php?rest_route=\/wp\/v2\/types\/page"}],"author":[{"embeddable":true,"href":"https:\/\/hvp.ufpr.br\/index.php?rest_route=\/wp\/v2\/users\/4"}],"replies":[{"embeddable":true,"href":"https:\/\/hvp.ufpr.br\/index.php?rest_route=%2Fwp%2Fv2%2Fcomments&post=1044"}],"version-history":[{"count":15,"href":"https:\/\/hvp.ufpr.br\/index.php?rest_route=\/wp\/v2\/pages\/1044\/revisions"}],"predecessor-version":[{"id":1201,"href":"https:\/\/hvp.ufpr.br\/index.php?rest_route=\/wp\/v2\/pages\/1044\/revisions\/1201"}],"wp:attachment":[{"href":"https:\/\/hvp.ufpr.br\/index.php?rest_route=%2Fwp%2Fv2%2Fmedia&parent=1044"}],"curies":[{"name":"wp","href":"https:\/\/api.w.org\/{rel}","templated":true}]}}